{"id":785,"date":"2018-11-19T23:00:16","date_gmt":"2018-11-19T22:00:16","guid":{"rendered":"http:\/\/www.fotoluigi.hr\/?page_id=785"},"modified":"2018-11-19T23:04:01","modified_gmt":"2018-11-19T22:04:01","slug":"projekt-nabava-opreme-i-tehnologije-za-razvoj-novih-usluga-i-proizvoda","status":"publish","type":"page","link":"http:\/\/www.fotoluigi.hr\/index.php\/projekt-nabava-opreme-i-tehnologije-za-razvoj-novih-usluga-i-proizvoda\/","title":{"rendered":"Projekt Nabava opreme i tehnologije za razvoj novih usluga i proizvoda"},"content":{"rendered":"<p><img loading=\"lazy\" decoding=\"async\" class=\"aligncenter \" src=\"http:\/\/www.fotoluigi.hr\/traka.png\" width=\"919\" height=\"181\" \/><\/p>\n<p><b>Foto Luigi je\u00a0tijekom rujna 2017. zapo\u010deo provedbu projekta:<br \/>\n<\/b><\/p>\n<h5>Nabava opreme i tehnologije za razvoj novih usluga i proizvoda<\/h5>\n<p>Projekt sufinancira Europska unija iz Europskog fonda za regionalni razvoj.<br \/>\nNaziv poziva za dostavu projektnih prijedloga: E-impuls \u2013 K.K.03.2.1.06<\/p>\n<p><b>Sa\u017eetak:<\/b> Projektom nabavke opreme omogu\u0107ava se obrtu kreiranje novih usluga u segmentu multimedijalnih sadr\u017eaja i njihovu brzu distribuciju do kupaca. Obrt \u0107e zadr\u017eati postoje\u0107u razinu zaposlenosti uz kontinuirani rast prihoda na godi\u0161njoj razini od 20%. Smanjiti \u0107e emisiju \u0161tetnih one\u010di\u0161\u0107enja promjenom tehnologije izrade fotografija te ujedno smanjiti potro\u0161nju el.energije za 30%. Projekt omogu\u0107uje konkurentnost na tr\u017ei\u0161tu u narednih pet godina poslovanja.<\/p>\n<p><b>\u0160ifra\/Kod projekta:<\/b> KK.03.2.1.06.0227<br \/>\n<b>Razdoblje provedbe projekta:<\/b>\u00a009\/2017. do 08\/2018.<br \/>\n<b>Ukupna vrijednost projekta:<\/b> 310.597,70 kuna<br \/>\n<b>Ukupni prihvatljivi tro\u0161kovi projekta:<\/b> 305.347,70 kuna<br \/>\n<b>Iznos koji sufinancira EU:<\/b> 259.545,54 kuna<\/p>\n<p><b>Ciljevi projekta:<\/b><br \/>\n\u2022 zadr\u017eavanje postoje\u0107e razine zaposlenosti<br \/>\n\u2022 povec\u0301anje prihoda poslovanja<\/p>\n<p><b>Kontakt za vi\u0161e informacija:<\/b><\/p>\n<p>Foto Luigi, obrt za fotografiju i multimediju<\/p>\n<p>M. Tita 90\/2, Opatija, Hrvatska<br \/>\nTel. +385 (0)51\/271-491<br \/>\nE-mail:<a href=\"mailto:info@fotoluigi.hr\">info@fotoluigi.hr<\/a><br \/>\n<a href=\"https:\/\/www.strukturnifondovi.hr\/\" target=\"_blank\" rel=\"noopener\">www.strukturnifondovi.hr<\/a><\/p>\n<p><a href=\"http:\/\/www.mingo.hr\/public\/investicije\/OPKK_2014_2020_31316.pdf\" target=\"_blank\" rel=\"noopener\">Operativni program konkuretnost i kohezija (.pdf)<\/a><br \/>\nSadr\u017eaj ovih stranica isklju\u010diva je odgovornost obrta Foto Luigi<\/p>\n","protected":false},"excerpt":{"rendered":"<p>Foto Luigi je\u00a0tijekom rujna 2017. zapo\u010deo provedbu projekta: Nabava opreme i tehnologije za razvoj novih usluga i proizvoda Projekt sufinancira Europska unija iz Europskog fonda za regionalni razvoj. Naziv poziva za dostavu projektnih prijedloga: E-impuls \u2013 K.K.03.2.1.06 Sa\u017eetak: Projektom nabavke opreme omogu\u0107ava se obrtu kreiranje novih usluga u segmentu multimedijalnih sadr\u017eaja i njihovu brzu distribuciju [&hellip;]<\/p>\n","protected":false},"author":1,"featured_media":0,"parent":0,"menu_order":0,"comment_status":"closed","ping_status":"closed","template":"","meta":{"footnotes":""},"class_list":["post-785","page","type-page","status-publish","hentry"],"_links":{"self":[{"href":"http:\/\/www.fotoluigi.hr\/index.php\/wp-json\/wp\/v2\/pages\/785","targetHints":{"allow":["GET"]}}],"collection":[{"href":"http:\/\/www.fotoluigi.hr\/index.php\/wp-json\/wp\/v2\/pages"}],"about":[{"href":"http:\/\/www.fotoluigi.hr\/index.php\/wp-json\/wp\/v2\/types\/page"}],"author":[{"embeddable":true,"href":"http:\/\/www.fotoluigi.hr\/index.php\/wp-json\/wp\/v2\/users\/1"}],"replies":[{"embeddable":true,"href":"http:\/\/www.fotoluigi.hr\/index.php\/wp-json\/wp\/v2\/comments?post=785"}],"version-history":[{"count":4,"href":"http:\/\/www.fotoluigi.hr\/index.php\/wp-json\/wp\/v2\/pages\/785\/revisions"}],"predecessor-version":[{"id":789,"href":"http:\/\/www.fotoluigi.hr\/index.php\/wp-json\/wp\/v2\/pages\/785\/revisions\/789"}],"wp:attachment":[{"href":"http:\/\/www.fotoluigi.hr\/index.php\/wp-json\/wp\/v2\/media?parent=785"}],"curies":[{"name":"wp","href":"https:\/\/api.w.org\/{rel}","templated":true}]}}